{"id":730,"date":"2014-11-13T21:11:07","date_gmt":"2014-11-13T21:11:07","guid":{"rendered":"http:\/\/logistic.freevision.me\/?page_id=730"},"modified":"2015-11-29T20:44:10","modified_gmt":"2015-11-29T20:44:10","slug":"avaleht-uudised","status":"publish","type":"page","link":"https:\/\/regalis.ee\/wp\/","title":{"rendered":"Avaleht"},"content":{"rendered":"<div class=\"vc_row wpb_row vc_row-fluid vc_custom_1416052291797 ozy-crfclr-7051\"><div id=\"ozy-background-cycler\" ><div class=\"active\" style=\"background-image:url(https:\/\/regalis.ee\/wp\/wp-content\/uploads\/2014\/11\/4563435333-161.jpg)\"><\/div><div class=\"\" style=\"background-image:url(https:\/\/regalis.ee\/wp\/wp-content\/uploads\/2014\/11\/4563435333-14.jpg)\"><\/div><div class=\"\" style=\"background-image:url(https:\/\/regalis.ee\/wp\/wp-content\/uploads\/2014\/11\/4563435333-15.jpg)\"><\/div><\/div><div class=\"parallax-wrapper\"><div class=\"wpb_column vc_column_container vc_col-sm-12\"><div class=\"wpb_wrapper\"><div class=\"ozy-floating-box\" style=\"height:700px;text-align:center\"><div><h2 style=\"font-size: 70px;line-height: 74px;text-align: center;font-family:Satisfy;font-weight:400;font-style:normal\" class=\"vc_custom_heading vc_custom_1448827721350\">Meil on r\u00f5\u00f5m teid aidata!<\/h2>\n\t<div class=\"wpb_text_column wpb_content_element  vc_custom_1448827784927\">\n\t\t<div class=\"wpb_wrapper\">\n\t\t\t<h3 style=\"text-align: center;\">Logistika aitab teie ettev\u00f5ttel edasi areneda.<\/h3>\n\n\t\t<\/div>\n\t<\/div>\n<\/div><\/div><\/div><\/div><\/div><a href=\"#news\" class=\"row-botton-button\" style=\"color:#ffffff\"><span class=\"oic-pe-icon-7-stroke-135\" ><\/span><\/a><\/div><div class=\"vc_row wpb_row vc_row-fluid vc_custom_1416052765541\"><div class=\"parallax-wrapper\"><div class=\"wpb_column vc_column_container vc_col-sm-12\"><div class=\"wpb_wrapper\"><h3 class=\"ozy-divider-cap-center wpb_content_element\">M\u00d5TLE ETTE - LIIKUDES EDASI<\/h3><div class=\"ozy-content-divider \" style=\"border-top-style:solid;border-top-width:2px;border-top-color:#34ccff;width:40px;max-width:40px;margin:20px auto;\"><\/div>\n\t<div class=\"wpb_text_column wpb_content_element \">\n\t\t<div class=\"wpb_wrapper\">\n\t\t\t<h4 style=\"text-align: center;\"><span style=\"color: #666699;\">Kiiresti ja muretult kaup k\u00e4tte m\u00f5istliku hinnaga.<br \/>\n<\/span><\/h4>\n\n\t\t<\/div>\n\t<\/div>\n<\/div><\/div><\/div><\/div><div class=\"vc_row wpb_row vc_row-fluid vc_custom_1416155262565\"><div class=\"parallax-wrapper\"><div class=\"wpb_column vc_column_container vc_col-sm-12\"><div class=\"wpb_wrapper\"><h3 class=\"ozy-divider-cap-center wpb_content_element\">Ettev\u00f5tte profiil<\/h3><div class=\"ozy-content-divider \" style=\"border-top-style:solid;border-top-width:2px;border-top-color:#34ccff;width:40px;max-width:40px;margin:20px auto;\"><\/div>\n\t<div class=\"wpb_text_column wpb_content_element \">\n\t\t<div class=\"wpb_wrapper\">\n\t\t\t<h4 style=\"text-align: center;\"><span style=\"color: #666699;\">Meie ettev\u00f5te tegeleb pideva edasiarenguga, investeerides pidevalt nii transpordivahendite uuendamisse, kui paremate t\u00f6\u00f6tingimuste loomisesse.<\/span><\/h4>\n\n\t\t<\/div>\n\t<\/div>\n<\/div><\/div><\/div><\/div><div class=\"vc_row wpb_row vc_row-fluid vc_custom_1416174170655\"><div class=\"parallax-wrapper\"><div class=\"wpb_column vc_column_container vc_col-sm-3\"><div class=\"wpb_wrapper\"><div class=\"ozy-simple-hove-box\" id=\"simple-hove-box-1997\"><h5><span class=\"cbox\"><\/span>MAANTEETRANSPORT<\/h5><a href=\"http:\/\/regalis.ee\/wp\/teenused\/logistika\/maanteetransport\/\" target=\"_self\" id=\"simple-hove-box-1997\">\n<img src=\"https:\/\/regalis.ee\/wp\/wp-content\/uploads\/2014\/10\/Mercedes-Benz-Actros-Truck-Red-600x960.jpg\" alt=\"MAANTEETRANSPORT\"\/><section><p class=\"ozy-vertical-centered-element\">KIIRE JA HEA HINNAGA LAHENDUS<\/p><\/section>\n<\/a>\n<\/div><\/div><\/div><div class=\"wpb_column vc_column_container vc_col-sm-3\"><div class=\"wpb_wrapper\"><div class=\"ozy-simple-hove-box\" id=\"simple-hove-box-5234\"><h5><span class=\"cbox\"><\/span>KALLURVEOD<\/h5><a href=\"http:\/\/regalis.ee\/wp\/teenused\/logistika\/laevandus\/\" target=\"_self\" id=\"simple-hove-box-5234\">\n<img src=\"https:\/\/regalis.ee\/wp\/wp-content\/uploads\/2014\/11\/Regalis-Transport-O\u00dc-Kallurteenused-Maanteetransport-invatransportrahvusvahelised-veod.jpg\" alt=\"KALLURVEOD\"\/><section><p class=\"ozy-vertical-centered-element\">TREILER JA PORTE VEOD<\/p><\/section>\n<\/a>\n<\/div><\/div><\/div><div class=\"wpb_column vc_column_container vc_col-sm-3\"><div class=\"wpb_wrapper\"><div class=\"ozy-simple-hove-box\" id=\"simple-hove-box-9171\"><h5><span class=\"cbox\"><\/span>INVAVEOD<\/h5><a href=\"http:\/\/regalis.ee\/wp\/teenused\/logistika\/lennunud\/\" target=\"_self\" id=\"simple-hove-box-9171\">\n<img src=\"https:\/\/regalis.ee\/wp\/wp-content\/uploads\/2014\/11\/WWW.REGALIS.EE-REGALIS-TRANSPORT-INVATRANSPORT-INVAVEOD.png\" alt=\"INVAVEOD\"\/><section><p class=\"ozy-vertical-centered-element\">KVALITEETNE TEENUS <\/p><\/section>\n<\/a>\n<\/div><\/div><\/div><div class=\"wpb_column vc_column_container vc_col-sm-3\"><div class=\"wpb_wrapper\"><div class=\"ozy-simple-hove-box\" id=\"simple-hove-box-4377\"><h5><span class=\"cbox\"><\/span>REISIJATE VEOD<\/h5><a href=\"http:\/\/regalis.ee\/wp\/teenused\/logistika\/projekti-transport\/\" target=\"_self\" id=\"simple-hove-box-4377\">\n<img src=\"https:\/\/regalis.ee\/wp\/wp-content\/uploads\/2014\/11\/Regalis-transport-o\u00fc-Reisijatevedu-invatransport-kallurvedu-rahvusvaheline-vedu.png\" alt=\"REISIJATE VEOD\"\/><section><p class=\"ozy-vertical-centered-element\">KAS V\u00d5I \u00dcMBER MAAILMA!<\/p><\/section>\n<\/a>\n<\/div><\/div><\/div><\/div><\/div>\n","protected":false},"excerpt":{"rendered":"Meil on r\u00f5\u00f5m teid aidata! Logistika aitab teie ettev\u00f5ttel edasi areneda. M\u00d5TLE ETTE - LIIKUDES EDASI Kiiresti ja muretult kaup k\u00e4tte m\u00f5istliku hinnaga. Ettev\u00f5tte profiil Meie ettev\u00f5te tegeleb pideva edasiarenguga, [...]","protected":false},"author":1,"featured_media":0,"parent":8,"menu_order":0,"comment_status":"open","ping_status":"closed","template":"","meta":{"footnotes":""},"_links":{"self":[{"href":"https:\/\/regalis.ee\/wp\/wp-json\/wp\/v2\/pages\/730"}],"collection":[{"href":"https:\/\/regalis.ee\/wp\/wp-json\/wp\/v2\/pages"}],"about":[{"href":"https:\/\/regalis.ee\/wp\/wp-json\/wp\/v2\/types\/page"}],"author":[{"embeddable":true,"href":"https:\/\/regalis.ee\/wp\/wp-json\/wp\/v2\/users\/1"}],"replies":[{"embeddable":true,"href":"https:\/\/regalis.ee\/wp\/wp-json\/wp\/v2\/comments?post=730"}],"version-history":[{"count":9,"href":"https:\/\/regalis.ee\/wp\/wp-json\/wp\/v2\/pages\/730\/revisions"}],"predecessor-version":[{"id":1323,"href":"https:\/\/regalis.ee\/wp\/wp-json\/wp\/v2\/pages\/730\/revisions\/1323"}],"up":[{"embeddable":true,"href":"https:\/\/regalis.ee\/wp\/wp-json\/wp\/v2\/pages\/8"}],"wp:attachment":[{"href":"https:\/\/regalis.ee\/wp\/wp-json\/wp\/v2\/media?parent=730"}],"curies":[{"name":"wp","href":"https:\/\/api.w.org\/{rel}","templated":true}]}}