{"id":362,"date":"2014-11-01T12:08:33","date_gmt":"2014-11-01T12:08:33","guid":{"rendered":"http:\/\/logistic.freevision.me\/?page_id=362"},"modified":"2015-11-29T12:46:02","modified_gmt":"2015-11-29T12:46:02","slug":"projekti-transport","status":"publish","type":"page","link":"https:\/\/regalis.ee\/wp\/teenused\/logistika\/projekti-transport\/","title":{"rendered":"Reisijate vedu"},"content":{"rendered":"<div class=\"vc_row wpb_row vc_row-fluid vc_custom_1414841734642\"><div class=\"parallax-wrapper\"><div class=\"wpb_column vc_column_container vc_col-sm-12\"><div class=\"wpb_wrapper\">\r\n\t<div class=\"wpb_single_image wpb_content_element vc_align_center\">\r\n\t\t<div class=\"wpb_wrapper\">\r\n\t\t\t\r\n\t\t\t<div class=\"vc_single_image-wrapper   vc_box_border_grey\"><img width=\"1772\" height=\"1106\" src=\"https:\/\/regalis.ee\/wp\/wp-content\/uploads\/2014\/11\/Regalis-transport-o\u00fc-Reisijatevedu-invatransport-kallurvedu-rahvusvaheline-vedu.png\" class=\"vc_single_image-img attachment-full\" alt=\"\" decoding=\"async\" loading=\"lazy\" srcset=\"https:\/\/regalis.ee\/wp\/wp-content\/uploads\/2014\/11\/Regalis-transport-o\u00fc-Reisijatevedu-invatransport-kallurvedu-rahvusvaheline-vedu.png 1772w, https:\/\/regalis.ee\/wp\/wp-content\/uploads\/2014\/11\/Regalis-transport-o\u00fc-Reisijatevedu-invatransport-kallurvedu-rahvusvaheline-vedu-300x187.png 300w, https:\/\/regalis.ee\/wp\/wp-content\/uploads\/2014\/11\/Regalis-transport-o\u00fc-Reisijatevedu-invatransport-kallurvedu-rahvusvaheline-vedu-1024x639.png 1024w, https:\/\/regalis.ee\/wp\/wp-content\/uploads\/2014\/11\/Regalis-transport-o\u00fc-Reisijatevedu-invatransport-kallurvedu-rahvusvaheline-vedu-1144x714.png 1144w\" sizes=\"(max-width: 1772px) 100vw, 1772px\" \/><\/div>\r\n\t\t<\/div>\r\n\t<\/div>\r\n\n\t<div class=\"wpb_text_column wpb_content_element \">\n\t\t<div class=\"wpb_wrapper\">\n\t\t\t<h3>Reisijate vedu<\/h3>\n<p>&nbsp;<\/p>\n<p>Omame Eesti Rahvusvaheliste Autovedajate Assotsiatsiooni poolt v\u00e4ljastatud \u00fchenduse tegevusluba tasuliseks s\u00f5itjateveoks. V\u00f5imaldame mugavaid vedusid kogenud autojuhtidega Eestis, Venemaal, Skandinaavias\u00a0ja Euroopas. S\u00f5lmime p\u00fcsivedusid, v\u00f5imaldame igap\u00e4evast transporti kooli, t\u00f6\u00f6le ja huviringidesse. P\u00fcsiklientuurile, kes tellivad meilt busse aastaringselt, pakume s\u00f5ltuvalt t\u00f6\u00f6mahust\u00a0soodustusi. Aastate pikkune kogemus on meile \u00f5petanud, et miski pole Teie reisi \u00f5nnestumiseks t\u00e4htsam, kui meisterlik bussijuht. See t\u00e4hendab turvalisust \u2013 juht peab olema alati piisavalt puhanud, t\u00e4helepanelik ja kiire reageerimisv\u00f5imega. Aga see t\u00e4hendab ka palju muud: suhtlemisoskust, abivalmidust, korrektsust, puhtust, s\u00f5idumeisterlikkust, organiseerimisv\u00f5imet ja oskust tegutseda reisijate huvides ka ootamatutes olukordades.<\/p>\n<p>Just seep\u00e4rast on Regalis Transport p\u00f6\u00f6ranud alati suurt t\u00e4helepanu bussijuhtide koolitamisele, nende ametioskuste t\u00e4iendamisele ja professionaalsuse parandamisele.<\/p>\n\n\t\t<\/div>\n\t<\/div>\n<\/div><\/div><\/div><\/div>\n","protected":false},"excerpt":{"rendered":"Reisijate vedu &nbsp; Omame Eesti Rahvusvaheliste Autovedajate Assotsiatsiooni poolt v\u00e4ljastatud \u00fchenduse tegevusluba tasuliseks s\u00f5itjateveoks. V\u00f5imaldame mugavaid vedusid kogenud autojuhtidega Eestis, Venemaal, Skandinaavias\u00a0ja Euroopas. S\u00f5lmime p\u00fcsivedusid, v\u00f5imaldame igap\u00e4evast transporti kooli, t\u00f6\u00f6le [...]","protected":false},"author":1,"featured_media":0,"parent":238,"menu_order":0,"comment_status":"open","ping_status":"closed","template":"","meta":{"footnotes":""},"_links":{"self":[{"href":"https:\/\/regalis.ee\/wp\/wp-json\/wp\/v2\/pages\/362"}],"collection":[{"href":"https:\/\/regalis.ee\/wp\/wp-json\/wp\/v2\/pages"}],"about":[{"href":"https:\/\/regalis.ee\/wp\/wp-json\/wp\/v2\/types\/page"}],"author":[{"embeddable":true,"href":"https:\/\/regalis.ee\/wp\/wp-json\/wp\/v2\/users\/1"}],"replies":[{"embeddable":true,"href":"https:\/\/regalis.ee\/wp\/wp-json\/wp\/v2\/comments?post=362"}],"version-history":[{"count":4,"href":"https:\/\/regalis.ee\/wp\/wp-json\/wp\/v2\/pages\/362\/revisions"}],"predecessor-version":[{"id":1304,"href":"https:\/\/regalis.ee\/wp\/wp-json\/wp\/v2\/pages\/362\/revisions\/1304"}],"up":[{"embeddable":true,"href":"https:\/\/regalis.ee\/wp\/wp-json\/wp\/v2\/pages\/238"}],"wp:attachment":[{"href":"https:\/\/regalis.ee\/wp\/wp-json\/wp\/v2\/media?parent=362"}],"curies":[{"name":"wp","href":"https:\/\/api.w.org\/{rel}","templated":true}]}}