{"id":325,"date":"2014-11-01T11:25:48","date_gmt":"2014-11-01T11:25:48","guid":{"rendered":"http:\/\/logistic.freevision.me\/?page_id=325"},"modified":"2015-11-29T12:28:23","modified_gmt":"2015-11-29T12:28:23","slug":"lennunud","status":"publish","type":"page","link":"https:\/\/regalis.ee\/wp\/teenused\/logistika\/lennunud\/","title":{"rendered":"Invaveod"},"content":{"rendered":"<div class=\"vc_row wpb_row vc_row-fluid vc_custom_1414841734642\"><div class=\"parallax-wrapper\"><div class=\"wpb_column vc_column_container vc_col-sm-12\"><div class=\"wpb_wrapper\">\n\t<div class=\"wpb_text_column wpb_content_element \">\n\t\t<div class=\"wpb_wrapper\">\n\t\t\t<h3>Invaveod<\/h3>\n<p>&nbsp;<\/p>\n<p>O\u00dc Regalis Transport pakub puuetega inimestele nende vajadusi arvestavat transporditeenust. Sooritame veoteenust ratastoolis inimestele kohaldatud mugava 9 kohalise Volkswagen Transporter bussiga. Buss on pikk, t\u00e4isk\u00f5rge ning varustatud spetsiaalse kaldteega ja spetsiaalsete turva kinnitus vahenditega. Tavakohti muutes on v\u00f5imalus mahutada bussi 3 ratastooli ja 4 tavakohta. Regalis Transport on paindlik ja Teile peaaegu alati k\u00e4ttesaadav, sest meie kauaaegne kogemus n\u00e4itab, et transpordivajadus v\u00f5i ootamatu muutus ei k\u00fcsi kella ning v\u00f5ib tekkida ka \u00f5ige ootamatult.<\/p>\n<p>&nbsp;<\/p>\n<p><a href=\"http:\/\/regalis.ee\/wp\/wp-content\/uploads\/2014\/11\/WWW.REGALIS.EE-REGALIS-TRANSPORT-INVATRANSPORT-INVAVEOD.png\"><img decoding=\"async\" loading=\"lazy\" class=\"wp-image-1296 size-medium alignleft\" src=\"http:\/\/regalis.ee\/wp\/wp-content\/uploads\/2014\/11\/WWW.REGALIS.EE-REGALIS-TRANSPORT-INVATRANSPORT-INVAVEOD-300x169.png\" alt=\"\" width=\"300\" height=\"169\" srcset=\"https:\/\/regalis.ee\/wp\/wp-content\/uploads\/2014\/11\/WWW.REGALIS.EE-REGALIS-TRANSPORT-INVATRANSPORT-INVAVEOD-300x169.png 300w, https:\/\/regalis.ee\/wp\/wp-content\/uploads\/2014\/11\/WWW.REGALIS.EE-REGALIS-TRANSPORT-INVATRANSPORT-INVAVEOD.png 945w\" sizes=\"(max-width: 300px) 100vw, 300px\" \/><\/a>Meie kliendina on Teil oma kontaktisik, kellega suhelda vajaduse korral ka mobiiltelefonil ja v\u00e4ljaspool t\u00f6\u00f6aega, kartmata, et t\u00fcli teete. Miski pole meie jaoks meeldivam, kui olla Teile abiks. On ju meie missioon hoida Eesti elu edukas liikumises ja Teie reisijad r\u00f5\u00f5msana.<\/p>\n<p><a href=\"http:\/\/regalis.ee\/wp\/wp-content\/uploads\/2014\/11\/WWW.REGALIS.EE-REGALIS-TANSPORT-O\u00dc-INVAVEOD-INVATRANSPORT.png\"><img decoding=\"async\" loading=\"lazy\" class=\"alignnone wp-image-1299\" src=\"http:\/\/regalis.ee\/wp\/wp-content\/uploads\/2014\/11\/WWW.REGALIS.EE-REGALIS-TANSPORT-O\u00dc-INVAVEOD-INVATRANSPORT.png\" alt=\"WWW.REGALIS.EE REGALIS TANSPORT O\u00dc INVAVEOD INVATRANSPORT\" width=\"78\" height=\"78\" \/><\/a><\/p>\n\n\t\t<\/div>\n\t<\/div>\n<\/div><\/div><\/div><\/div><div class=\"vc_row wpb_row vc_row-fluid\"><div class=\"parallax-wrapper\"><div class=\"wpb_column vc_column_container vc_col-sm-4\"><div class=\"wpb_wrapper\"><div id=\"tile-with-icon_icon172\" class=\"title-with-icon-wrapper clear xxlarge \" data-color=\"transparent\"><div class=\"wpb_content_element title-with-icon clearfix top-style\"><span  style=\"color:#34ccff !important;background-color:transparent !important;\" class=\"oic-flaticon4-earth198 clear xxlarge \" ><\/span><h4 class=\"content-color\" style=\"\">S\u00f5idame \u00fclemaailma<\/h4><\/div><\/div><\/div><\/div><div class=\"wpb_column vc_column_container vc_col-sm-4\"><div class=\"wpb_wrapper\"><\/div><\/div><div class=\"wpb_column vc_column_container vc_col-sm-4\"><div class=\"wpb_wrapper\"><div id=\"tile-with-icon_icon3981\" class=\"title-with-icon-wrapper clear xxlarge \" data-color=\"transparent\"><div class=\"wpb_content_element title-with-icon clearfix top-style\"><span  style=\"color:#34ccff !important;background-color:transparent !important;\" class=\"oic-flaticon1-delivery35 clear xxlarge \" ><\/span><h4 class=\"content-color\" style=\"\">K\u00e4ime uksest-ukseni<\/h4><\/div><\/div><\/div><\/div><\/div><\/div>\n","protected":false},"excerpt":{"rendered":"Invaveod &nbsp; O\u00dc Regalis Transport pakub puuetega inimestele nende vajadusi arvestavat transporditeenust. Sooritame veoteenust ratastoolis inimestele kohaldatud mugava 9 kohalise Volkswagen Transporter bussiga. Buss on pikk, t\u00e4isk\u00f5rge ning varustatud spetsiaalse [...]","protected":false},"author":1,"featured_media":0,"parent":238,"menu_order":0,"comment_status":"open","ping_status":"closed","template":"","meta":{"footnotes":""},"_links":{"self":[{"href":"https:\/\/regalis.ee\/wp\/wp-json\/wp\/v2\/pages\/325"}],"collection":[{"href":"https:\/\/regalis.ee\/wp\/wp-json\/wp\/v2\/pages"}],"about":[{"href":"https:\/\/regalis.ee\/wp\/wp-json\/wp\/v2\/types\/page"}],"author":[{"embeddable":true,"href":"https:\/\/regalis.ee\/wp\/wp-json\/wp\/v2\/users\/1"}],"replies":[{"embeddable":true,"href":"https:\/\/regalis.ee\/wp\/wp-json\/wp\/v2\/comments?post=325"}],"version-history":[{"count":4,"href":"https:\/\/regalis.ee\/wp\/wp-json\/wp\/v2\/pages\/325\/revisions"}],"predecessor-version":[{"id":1300,"href":"https:\/\/regalis.ee\/wp\/wp-json\/wp\/v2\/pages\/325\/revisions\/1300"}],"up":[{"embeddable":true,"href":"https:\/\/regalis.ee\/wp\/wp-json\/wp\/v2\/pages\/238"}],"wp:attachment":[{"href":"https:\/\/regalis.ee\/wp\/wp-json\/wp\/v2\/media?parent=325"}],"curies":[{"name":"wp","href":"https:\/\/api.w.org\/{rel}","templated":true}]}}